{"id":6,"date":"2019-07-11T16:01:56","date_gmt":"2019-07-11T19:01:56","guid":{"rendered":"http:\/\/54.234.226.31\/SITE2019\/?page_id=6"},"modified":"2021-04-06T19:16:06","modified_gmt":"2021-04-06T22:16:06","slug":"sobre","status":"publish","type":"page","link":"https:\/\/farolfilmes.com.br\/en\/sobre\/","title":{"rendered":"About"},"content":{"rendered":"<h3>Who are we?<\/h3>\n<p><span class=\"JsGRdQ\">Somos uma produtora de v\u00eddeo refer\u00eancia em conte\u00fado audiovisual, com um time engajado e apaixonado pelo que faz!<\/span><\/p>\n<h3>What do we do?<\/h3>\n<p><span class=\"JsGRdQ\">Mais que produzir v\u00eddeos, n\u00f3s trazemos solu\u00e7\u00f5es de comunica\u00e7\u00e3o de forma criativa, inovadora e r\u00e1pida. Estamos aqui para ajudar empresas a se conectarem com seus diversos p\u00fablicos de maneira assertiva. <\/span><\/p>\n<p><span class=\"JsGRdQ\">Nossa jornada produzindo conte\u00fados em v\u00eddeo completa <\/span><span class=\"JsGRdQ\">21 anos em 2021, s<\/span><span class=\"JsGRdQ\">empre buscando impactar pessoas e marcas com nossos filmes.\u00a0<\/span><\/p>\n<h3>How do we do it?<\/h3>\n<p><span class=\"JsGRdQ\">Com dedica\u00e7\u00e3o e ampla experi\u00eancia de nossa equipe, trazendo sempre solu\u00e7\u00f5es criativas e conduzindo cada demanda de forma \u00fanica. Criamos conte\u00fados estudando \u00e0 fundo nossos clientes e suas diferentes necessidades de comunica\u00e7\u00e3o.<\/span><\/p>\n<p><span class=\"JsGRdQ\">Al\u00e9m da nossa ess\u00eancia criativa, contamos com uma completa infraestrutura de produ\u00e7\u00e3o, equipamentos pr\u00f3prios e um time de diretores e profissionais selecionados sob medida para cada demanda. Tudo isso permite uma produ\u00e7\u00e3o a\u0301gil e eficiente por um custo competitivo.<\/span><\/p>\n<p><span class=\"JsGRdQ\">A for\u00e7a da nossa experi\u00eancia aliada \u00e0 nossa capacidade de produ\u00e7\u00e3o, se refletem n\u00e3o apenas na qualidade de nossos trabalhos, mas tamb\u00e9m na rela\u00e7\u00e3o de longo prazo que construimos com nossos clientes.\u00a0<\/span><\/p>\n<p>&nbsp;<\/p>","protected":false},"excerpt":{"rendered":"<p>Quem somos? Somos uma produtora de v\u00eddeo refer\u00eancia em conte\u00fado audiovisual, com um time engajado<a href=\"https:\/\/farolfilmes.com.br\/en\/sobre\/\" rel=\"nofollow\" class=\"visualizar\">VISUALIZAR<\/a><\/p>","protected":false},"author":1,"featured_media":231,"parent":0,"menu_order":2,"comment_status":"closed","ping_status":"closed","template":"","meta":[],"acf":[],"yoast_head":"<!-- This site is optimized with the Yoast SEO plugin v19.0 - https:\/\/yoast.com\/wordpress\/plugins\/seo\/ -->\n<title>Sobre | Farol Filmes - Produtora de V\u00eddeos em S\u00e3o Paulo<\/title>\n<meta name=\"description\" content=\"Somos refer\u00eancia em Corporate Content, que \u00e9 todo o conte\u00fado relevante para uma empresa se comunicar com seus diversos p\u00fablicos de maneira eficiente.\" \/>\n<meta name=\"robots\" content=\"index, follow, max-snippet:-1, max-image-preview:large, max-video-preview:-1\" \/>\n<link rel=\"canonical\" href=\"https:\/\/farolfilmes.com.br\/en\/sobre\/\" \/>\n<meta property=\"og:locale\" content=\"en_US\" \/>\n<meta property=\"og:type\" content=\"article\" \/>\n<meta property=\"og:title\" content=\"Sobre | Farol Filmes - Produtora de V\u00eddeos em S\u00e3o Paulo\" \/>\n<meta property=\"og:description\" content=\"Somos refer\u00eancia em Corporate Content, que \u00e9 todo o conte\u00fado relevante para uma empresa se comunicar com seus diversos p\u00fablicos de maneira eficiente.\" \/>\n<meta property=\"og:url\" content=\"https:\/\/farolfilmes.com.br\/en\/sobre\/\" \/>\n<meta property=\"og:site_name\" content=\"Farol Fimes\" \/>\n<meta property=\"article:modified_time\" content=\"2021-04-06T22:16:06+00:00\" \/>\n<meta property=\"og:image\" content=\"https:\/\/farolfilmes.com.br\/wp-content\/uploads\/2019\/08\/farolfilmes-facebook-cover-1.png\" \/>\n\t<meta property=\"og:image:width\" content=\"1600\" \/>\n\t<meta property=\"og:image:height\" content=\"800\" \/>\n\t<meta property=\"og:image:type\" content=\"image\/png\" \/>\n<meta name=\"twitter:card\" content=\"summary_large_image\" \/>\n<meta name=\"twitter:label1\" content=\"Est. reading time\" \/>\n\t<meta name=\"twitter:data1\" content=\"1 minute\" \/>\n<script type=\"application\/ld+json\" class=\"yoast-schema-graph\">{\"@context\":\"https:\/\/schema.org\",\"@graph\":[{\"@type\":\"Organization\",\"@id\":\"https:\/\/farolfilmes.com\/en\/#organization\",\"name\":\"Farol Filmes | Produtora de V\u00eddeos em S\u00e3o Paulo-SP\",\"url\":\"https:\/\/farolfilmes.com\/en\/\",\"sameAs\":[],\"logo\":{\"@type\":\"ImageObject\",\"inLanguage\":\"en-US\",\"@id\":\"https:\/\/farolfilmes.com\/en\/#\/schema\/logo\/image\/\",\"url\":\"https:\/\/farolfilmes.com.br\/wp-content\/uploads\/2019\/08\/farolfilmes-facebook-cover-1.png\",\"contentUrl\":\"https:\/\/farolfilmes.com.br\/wp-content\/uploads\/2019\/08\/farolfilmes-facebook-cover-1.png\",\"width\":1600,\"height\":800,\"caption\":\"Farol Filmes | Produtora de V\u00eddeos em S\u00e3o Paulo-SP\"},\"image\":{\"@id\":\"https:\/\/farolfilmes.com\/en\/#\/schema\/logo\/image\/\"}},{\"@type\":\"WebSite\",\"@id\":\"https:\/\/farolfilmes.com\/en\/#website\",\"url\":\"https:\/\/farolfilmes.com\/en\/\",\"name\":\"Farol Fimes\",\"description\":\"\",\"publisher\":{\"@id\":\"https:\/\/farolfilmes.com\/en\/#organization\"},\"potentialAction\":[{\"@type\":\"SearchAction\",\"target\":{\"@type\":\"EntryPoint\",\"urlTemplate\":\"https:\/\/farolfilmes.com\/en\/?s={search_term_string}\"},\"query-input\":\"required name=search_term_string\"}],\"inLanguage\":\"en-US\"},{\"@type\":\"ImageObject\",\"inLanguage\":\"en-US\",\"@id\":\"https:\/\/farolfilmes.com.br\/sobre\/#primaryimage\",\"url\":\"https:\/\/farolfilmes.com.br\/wp-content\/uploads\/2019\/08\/farolfilmes-facebook-cover-1.png\",\"contentUrl\":\"https:\/\/farolfilmes.com.br\/wp-content\/uploads\/2019\/08\/farolfilmes-facebook-cover-1.png\",\"width\":1600,\"height\":800,\"caption\":\"Produtora de v\u00eddeos para empresas e marcas\"},{\"@type\":\"WebPage\",\"@id\":\"https:\/\/farolfilmes.com.br\/sobre\/#webpage\",\"url\":\"https:\/\/farolfilmes.com.br\/sobre\/\",\"name\":\"Sobre | Farol Filmes - Produtora de V\u00eddeos em S\u00e3o Paulo\",\"isPartOf\":{\"@id\":\"https:\/\/farolfilmes.com\/en\/#website\"},\"primaryImageOfPage\":{\"@id\":\"https:\/\/farolfilmes.com.br\/sobre\/#primaryimage\"},\"datePublished\":\"2019-07-11T19:01:56+00:00\",\"dateModified\":\"2021-04-06T22:16:06+00:00\",\"description\":\"Somos refer\u00eancia em Corporate Content, que \u00e9 todo o conte\u00fado relevante para uma empresa se comunicar com seus diversos p\u00fablicos de maneira eficiente.\",\"breadcrumb\":{\"@id\":\"https:\/\/farolfilmes.com.br\/sobre\/#breadcrumb\"},\"inLanguage\":\"en-US\",\"potentialAction\":[{\"@type\":\"ReadAction\",\"target\":[\"https:\/\/farolfilmes.com.br\/sobre\/\"]}]},{\"@type\":\"BreadcrumbList\",\"@id\":\"https:\/\/farolfilmes.com.br\/sobre\/#breadcrumb\",\"itemListElement\":[{\"@type\":\"ListItem\",\"position\":1,\"name\":\"desktop_windows www.farolfilmes.com.br\",\"item\":\"https:\/\/54.234.226.31\/\"},{\"@type\":\"ListItem\",\"position\":2,\"name\":\"Sobre\"}]}]}<\/script>\n<!-- \/ Yoast SEO plugin. -->","yoast_head_json":{"title":"Sobre | Farol Filmes - Produtora de V\u00eddeos em S\u00e3o Paulo","description":"Somos refer\u00eancia em Corporate Content, que \u00e9 todo o conte\u00fado relevante para uma empresa se comunicar com seus diversos p\u00fablicos de maneira eficiente.","robots":{"index":"index","follow":"follow","max-snippet":"max-snippet:-1","max-image-preview":"max-image-preview:large","max-video-preview":"max-video-preview:-1"},"canonical":"https:\/\/farolfilmes.com.br\/en\/sobre\/","og_locale":"en_US","og_type":"article","og_title":"Sobre | Farol Filmes - Produtora de V\u00eddeos em S\u00e3o Paulo","og_description":"Somos refer\u00eancia em Corporate Content, que \u00e9 todo o conte\u00fado relevante para uma empresa se comunicar com seus diversos p\u00fablicos de maneira eficiente.","og_url":"https:\/\/farolfilmes.com.br\/en\/sobre\/","og_site_name":"Farol Fimes","article_modified_time":"2021-04-06T22:16:06+00:00","og_image":[{"width":1600,"height":800,"url":"https:\/\/farolfilmes.com.br\/wp-content\/uploads\/2019\/08\/farolfilmes-facebook-cover-1.png","type":"image\/png"}],"twitter_card":"summary_large_image","twitter_misc":{"Est. reading time":"1 minute"},"schema":{"@context":"https:\/\/schema.org","@graph":[{"@type":"Organization","@id":"https:\/\/farolfilmes.com\/en\/#organization","name":"Farol Filmes | Produtora de V\u00eddeos em S\u00e3o Paulo-SP","url":"https:\/\/farolfilmes.com\/en\/","sameAs":[],"logo":{"@type":"ImageObject","inLanguage":"en-US","@id":"https:\/\/farolfilmes.com\/en\/#\/schema\/logo\/image\/","url":"https:\/\/farolfilmes.com.br\/wp-content\/uploads\/2019\/08\/farolfilmes-facebook-cover-1.png","contentUrl":"https:\/\/farolfilmes.com.br\/wp-content\/uploads\/2019\/08\/farolfilmes-facebook-cover-1.png","width":1600,"height":800,"caption":"Farol Filmes | Produtora de V\u00eddeos em S\u00e3o Paulo-SP"},"image":{"@id":"https:\/\/farolfilmes.com\/en\/#\/schema\/logo\/image\/"}},{"@type":"WebSite","@id":"https:\/\/farolfilmes.com\/en\/#website","url":"https:\/\/farolfilmes.com\/en\/","name":"Farol Fimes","description":"","publisher":{"@id":"https:\/\/farolfilmes.com\/en\/#organization"},"potentialAction":[{"@type":"SearchAction","target":{"@type":"EntryPoint","urlTemplate":"https:\/\/farolfilmes.com\/en\/?s={search_term_string}"},"query-input":"required name=search_term_string"}],"inLanguage":"en-US"},{"@type":"ImageObject","inLanguage":"en-US","@id":"https:\/\/farolfilmes.com.br\/sobre\/#primaryimage","url":"https:\/\/farolfilmes.com.br\/wp-content\/uploads\/2019\/08\/farolfilmes-facebook-cover-1.png","contentUrl":"https:\/\/farolfilmes.com.br\/wp-content\/uploads\/2019\/08\/farolfilmes-facebook-cover-1.png","width":1600,"height":800,"caption":"Produtora de v\u00eddeos para empresas e marcas"},{"@type":"WebPage","@id":"https:\/\/farolfilmes.com.br\/sobre\/#webpage","url":"https:\/\/farolfilmes.com.br\/sobre\/","name":"Sobre | Farol Filmes - Produtora de V\u00eddeos em S\u00e3o Paulo","isPartOf":{"@id":"https:\/\/farolfilmes.com\/en\/#website"},"primaryImageOfPage":{"@id":"https:\/\/farolfilmes.com.br\/sobre\/#primaryimage"},"datePublished":"2019-07-11T19:01:56+00:00","dateModified":"2021-04-06T22:16:06+00:00","description":"Somos refer\u00eancia em Corporate Content, que \u00e9 todo o conte\u00fado relevante para uma empresa se comunicar com seus diversos p\u00fablicos de maneira eficiente.","breadcrumb":{"@id":"https:\/\/farolfilmes.com.br\/sobre\/#breadcrumb"},"inLanguage":"en-US","potentialAction":[{"@type":"ReadAction","target":["https:\/\/farolfilmes.com.br\/sobre\/"]}]},{"@type":"BreadcrumbList","@id":"https:\/\/farolfilmes.com.br\/sobre\/#breadcrumb","itemListElement":[{"@type":"ListItem","position":1,"name":"desktop_windows www.farolfilmes.com.br","item":"https:\/\/54.234.226.31\/"},{"@type":"ListItem","position":2,"name":"Sobre"}]}]}},"_links":{"self":[{"href":"https:\/\/farolfilmes.com.br\/en\/wp-json\/wp\/v2\/pages\/6"}],"collection":[{"href":"https:\/\/farolfilmes.com.br\/en\/wp-json\/wp\/v2\/pages"}],"about":[{"href":"https:\/\/farolfilmes.com.br\/en\/wp-json\/wp\/v2\/types\/page"}],"author":[{"embeddable":true,"href":"https:\/\/farolfilmes.com.br\/en\/wp-json\/wp\/v2\/users\/1"}],"replies":[{"embeddable":true,"href":"https:\/\/farolfilmes.com.br\/en\/wp-json\/wp\/v2\/comments?post=6"}],"version-history":[{"count":18,"href":"https:\/\/farolfilmes.com.br\/en\/wp-json\/wp\/v2\/pages\/6\/revisions"}],"predecessor-version":[{"id":387,"href":"https:\/\/farolfilmes.com.br\/en\/wp-json\/wp\/v2\/pages\/6\/revisions\/387"}],"wp:featuredmedia":[{"embeddable":true,"href":"https:\/\/farolfilmes.com.br\/en\/wp-json\/wp\/v2\/media\/231"}],"wp:attachment":[{"href":"https:\/\/farolfilmes.com.br\/en\/wp-json\/wp\/v2\/media?parent=6"}],"curies":[{"name":"wp","href":"https:\/\/api.w.org\/{rel}","templated":true}]}}