{"id":4,"date":"2019-07-11T16:01:44","date_gmt":"2019-07-11T19:01:44","guid":{"rendered":"http:\/\/54.234.226.31\/SITE2019\/?page_id=4"},"modified":"2021-10-08T17:26:28","modified_gmt":"2021-10-08T20:26:28","slug":"home","status":"publish","type":"page","link":"https:\/\/farolfilmes.com.br\/en\/","title":{"rendered":"Home"},"content":{"rendered":"<p><img loading=\"lazy\" class=\"alignnone size-medium wp-image-409\" src=\"http:\/\/54.234.226.31\/wp-content\/uploads\/2021\/10\/AGORA-A-FAROL-FIMES-E\u0301-2-1024x768.png\" alt=\"\" width=\"300\" height=\"225\" \/><\/p>","protected":false},"excerpt":{"rendered":"","protected":false},"author":1,"featured_media":231,"parent":0,"menu_order":1,"comment_status":"closed","ping_status":"closed","template":"template-home.php","meta":[],"acf":[],"yoast_head":"<!-- This site is optimized with the Yoast SEO plugin v19.0 - https:\/\/yoast.com\/wordpress\/plugins\/seo\/ -->\n<title>Farol Filmes | Produtora de V\u00eddeos em S\u00e3o Paulo-SP<\/title>\n<meta name=\"description\" content=\"Somos refer\u00eancia em produ\u00e7\u00e3o de v\u00eddeos com conte\u00fado para empresas e marcas se conectarem de forma eficiente com seus diversos p\u00fablicos.\" \/>\n<meta name=\"robots\" content=\"index, follow, max-snippet:-1, max-image-preview:large, max-video-preview:-1\" \/>\n<link rel=\"canonical\" href=\"https:\/\/ftp.farolfilmes.com\/en\/\" \/>\n<meta property=\"og:locale\" content=\"en_US\" \/>\n<meta property=\"og:type\" content=\"article\" \/>\n<meta property=\"og:title\" content=\"Farol Filmes | Produtora de V\u00eddeos em S\u00e3o Paulo-SP\" \/>\n<meta property=\"og:description\" content=\"Somos refer\u00eancia em Corporate Content, que \u00e9 todo o conte\u00fado relevante para uma empresa se comunicar com seus diversos p\u00fablicos de maneira eficiente.\" \/>\n<meta property=\"og:url\" content=\"https:\/\/ftp.farolfilmes.com\/en\/\" \/>\n<meta property=\"og:site_name\" content=\"Farol Fimes\" \/>\n<meta property=\"article:modified_time\" content=\"2021-10-08T20:26:28+00:00\" \/>\n<meta property=\"og:image\" content=\"https:\/\/ftp.farolfilmes.com\/wp-content\/uploads\/2019\/08\/farolfilmes-facebook-cover-1.png\" \/>\n\t<meta property=\"og:image:width\" content=\"1600\" \/>\n\t<meta property=\"og:image:height\" content=\"800\" \/>\n\t<meta property=\"og:image:type\" content=\"image\/png\" \/>\n<meta name=\"twitter:card\" content=\"summary_large_image\" \/>\n<meta name=\"twitter:label1\" content=\"Est. reading time\" \/>\n\t<meta name=\"twitter:data1\" content=\"1 minute\" \/>\n<script type=\"application\/ld+json\" class=\"yoast-schema-graph\">{\"@context\":\"https:\/\/schema.org\",\"@graph\":[{\"@type\":\"Organization\",\"@id\":\"https:\/\/ftp.farolfilmes.com\/en\/#organization\",\"name\":\"Farol Filmes | Produtora de V\u00eddeos em S\u00e3o Paulo-SP\",\"url\":\"https:\/\/ftp.farolfilmes.com\/en\/\",\"sameAs\":[],\"logo\":{\"@type\":\"ImageObject\",\"inLanguage\":\"en-US\",\"@id\":\"https:\/\/ftp.farolfilmes.com\/en\/#\/schema\/logo\/image\/\",\"url\":\"https:\/\/farolfilmes.com.br\/wp-content\/uploads\/2019\/08\/farolfilmes-facebook-cover-1.png\",\"contentUrl\":\"https:\/\/farolfilmes.com.br\/wp-content\/uploads\/2019\/08\/farolfilmes-facebook-cover-1.png\",\"width\":1600,\"height\":800,\"caption\":\"Farol Filmes | Produtora de V\u00eddeos em S\u00e3o Paulo-SP\"},\"image\":{\"@id\":\"https:\/\/ftp.farolfilmes.com\/en\/#\/schema\/logo\/image\/\"}},{\"@type\":\"WebSite\",\"@id\":\"https:\/\/ftp.farolfilmes.com\/en\/#website\",\"url\":\"https:\/\/ftp.farolfilmes.com\/en\/\",\"name\":\"Farol Fimes\",\"description\":\"\",\"publisher\":{\"@id\":\"https:\/\/ftp.farolfilmes.com\/en\/#organization\"},\"potentialAction\":[{\"@type\":\"SearchAction\",\"target\":{\"@type\":\"EntryPoint\",\"urlTemplate\":\"https:\/\/ftp.farolfilmes.com\/en\/?s={search_term_string}\"},\"query-input\":\"required name=search_term_string\"}],\"inLanguage\":\"en-US\"},{\"@type\":\"ImageObject\",\"inLanguage\":\"en-US\",\"@id\":\"https:\/\/ftp.farolfilmes.com\/en\/#primaryimage\",\"url\":\"https:\/\/farolfilmes.com.br\/wp-content\/uploads\/2019\/08\/farolfilmes-facebook-cover-1.png\",\"contentUrl\":\"https:\/\/farolfilmes.com.br\/wp-content\/uploads\/2019\/08\/farolfilmes-facebook-cover-1.png\",\"width\":1600,\"height\":800,\"caption\":\"Produtora de v\u00eddeos para empresas e marcas\"},{\"@type\":\"WebPage\",\"@id\":\"https:\/\/ftp.farolfilmes.com\/en\/#webpage\",\"url\":\"https:\/\/ftp.farolfilmes.com\/en\/\",\"name\":\"Farol Filmes | Produtora de V\u00eddeos em S\u00e3o Paulo-SP\",\"isPartOf\":{\"@id\":\"https:\/\/ftp.farolfilmes.com\/en\/#website\"},\"primaryImageOfPage\":{\"@id\":\"https:\/\/ftp.farolfilmes.com\/en\/#primaryimage\"},\"datePublished\":\"2019-07-11T19:01:44+00:00\",\"dateModified\":\"2021-10-08T20:26:28+00:00\",\"description\":\"Somos refer\u00eancia em produ\u00e7\u00e3o de v\u00eddeos com conte\u00fado para empresas e marcas se conectarem de forma eficiente com seus diversos p\u00fablicos.\",\"breadcrumb\":{\"@id\":\"https:\/\/ftp.farolfilmes.com\/en\/#breadcrumb\"},\"inLanguage\":\"en-US\",\"potentialAction\":[{\"@type\":\"ReadAction\",\"target\":[\"https:\/\/ftp.farolfilmes.com\/en\/\"]}]},{\"@type\":\"BreadcrumbList\",\"@id\":\"https:\/\/ftp.farolfilmes.com\/en\/#breadcrumb\",\"itemListElement\":[{\"@type\":\"ListItem\",\"position\":1,\"name\":\"desktop_windows www.farolfilmes.com.br\",\"item\":\"https:\/\/ftp.farolfilmes.com\/en\/\"},{\"@type\":\"ListItem\",\"position\":2,\"name\":\"Home\"}]}]}<\/script>\n<!-- \/ Yoast SEO plugin. -->","yoast_head_json":{"title":"Farol Filmes | Produtora de V\u00eddeos em S\u00e3o Paulo-SP","description":"Somos refer\u00eancia em produ\u00e7\u00e3o de v\u00eddeos com conte\u00fado para empresas e marcas se conectarem de forma eficiente com seus diversos p\u00fablicos.","robots":{"index":"index","follow":"follow","max-snippet":"max-snippet:-1","max-image-preview":"max-image-preview:large","max-video-preview":"max-video-preview:-1"},"canonical":"https:\/\/ftp.farolfilmes.com\/en\/","og_locale":"en_US","og_type":"article","og_title":"Farol Filmes | Produtora de V\u00eddeos em S\u00e3o Paulo-SP","og_description":"Somos refer\u00eancia em Corporate Content, que \u00e9 todo o conte\u00fado relevante para uma empresa se comunicar com seus diversos p\u00fablicos de maneira eficiente.","og_url":"https:\/\/ftp.farolfilmes.com\/en\/","og_site_name":"Farol Fimes","article_modified_time":"2021-10-08T20:26:28+00:00","og_image":[{"width":1600,"height":800,"url":"https:\/\/ftp.farolfilmes.com\/wp-content\/uploads\/2019\/08\/farolfilmes-facebook-cover-1.png","type":"image\/png"}],"twitter_card":"summary_large_image","twitter_misc":{"Est. reading time":"1 minute"},"schema":{"@context":"https:\/\/schema.org","@graph":[{"@type":"Organization","@id":"https:\/\/ftp.farolfilmes.com\/en\/#organization","name":"Farol Filmes | Produtora de V\u00eddeos em S\u00e3o Paulo-SP","url":"https:\/\/ftp.farolfilmes.com\/en\/","sameAs":[],"logo":{"@type":"ImageObject","inLanguage":"en-US","@id":"https:\/\/ftp.farolfilmes.com\/en\/#\/schema\/logo\/image\/","url":"https:\/\/farolfilmes.com.br\/wp-content\/uploads\/2019\/08\/farolfilmes-facebook-cover-1.png","contentUrl":"https:\/\/farolfilmes.com.br\/wp-content\/uploads\/2019\/08\/farolfilmes-facebook-cover-1.png","width":1600,"height":800,"caption":"Farol Filmes | Produtora de V\u00eddeos em S\u00e3o Paulo-SP"},"image":{"@id":"https:\/\/ftp.farolfilmes.com\/en\/#\/schema\/logo\/image\/"}},{"@type":"WebSite","@id":"https:\/\/ftp.farolfilmes.com\/en\/#website","url":"https:\/\/ftp.farolfilmes.com\/en\/","name":"Farol Fimes","description":"","publisher":{"@id":"https:\/\/ftp.farolfilmes.com\/en\/#organization"},"potentialAction":[{"@type":"SearchAction","target":{"@type":"EntryPoint","urlTemplate":"https:\/\/ftp.farolfilmes.com\/en\/?s={search_term_string}"},"query-input":"required name=search_term_string"}],"inLanguage":"en-US"},{"@type":"ImageObject","inLanguage":"en-US","@id":"https:\/\/ftp.farolfilmes.com\/en\/#primaryimage","url":"https:\/\/farolfilmes.com.br\/wp-content\/uploads\/2019\/08\/farolfilmes-facebook-cover-1.png","contentUrl":"https:\/\/farolfilmes.com.br\/wp-content\/uploads\/2019\/08\/farolfilmes-facebook-cover-1.png","width":1600,"height":800,"caption":"Produtora de v\u00eddeos para empresas e marcas"},{"@type":"WebPage","@id":"https:\/\/ftp.farolfilmes.com\/en\/#webpage","url":"https:\/\/ftp.farolfilmes.com\/en\/","name":"Farol Filmes | Produtora de V\u00eddeos em S\u00e3o Paulo-SP","isPartOf":{"@id":"https:\/\/ftp.farolfilmes.com\/en\/#website"},"primaryImageOfPage":{"@id":"https:\/\/ftp.farolfilmes.com\/en\/#primaryimage"},"datePublished":"2019-07-11T19:01:44+00:00","dateModified":"2021-10-08T20:26:28+00:00","description":"Somos refer\u00eancia em produ\u00e7\u00e3o de v\u00eddeos com conte\u00fado para empresas e marcas se conectarem de forma eficiente com seus diversos p\u00fablicos.","breadcrumb":{"@id":"https:\/\/ftp.farolfilmes.com\/en\/#breadcrumb"},"inLanguage":"en-US","potentialAction":[{"@type":"ReadAction","target":["https:\/\/ftp.farolfilmes.com\/en\/"]}]},{"@type":"BreadcrumbList","@id":"https:\/\/ftp.farolfilmes.com\/en\/#breadcrumb","itemListElement":[{"@type":"ListItem","position":1,"name":"desktop_windows www.farolfilmes.com.br","item":"https:\/\/ftp.farolfilmes.com\/en\/"},{"@type":"ListItem","position":2,"name":"Home"}]}]}},"_links":{"self":[{"href":"https:\/\/farolfilmes.com.br\/en\/wp-json\/wp\/v2\/pages\/4"}],"collection":[{"href":"https:\/\/farolfilmes.com.br\/en\/wp-json\/wp\/v2\/pages"}],"about":[{"href":"https:\/\/farolfilmes.com.br\/en\/wp-json\/wp\/v2\/types\/page"}],"author":[{"embeddable":true,"href":"https:\/\/farolfilmes.com.br\/en\/wp-json\/wp\/v2\/users\/1"}],"replies":[{"embeddable":true,"href":"https:\/\/farolfilmes.com.br\/en\/wp-json\/wp\/v2\/comments?post=4"}],"version-history":[{"count":7,"href":"https:\/\/farolfilmes.com.br\/en\/wp-json\/wp\/v2\/pages\/4\/revisions"}],"predecessor-version":[{"id":410,"href":"https:\/\/farolfilmes.com.br\/en\/wp-json\/wp\/v2\/pages\/4\/revisions\/410"}],"wp:featuredmedia":[{"embeddable":true,"href":"https:\/\/farolfilmes.com.br\/en\/wp-json\/wp\/v2\/media\/231"}],"wp:attachment":[{"href":"https:\/\/farolfilmes.com.br\/en\/wp-json\/wp\/v2\/media?parent=4"}],"curies":[{"name":"wp","href":"https:\/\/api.w.org\/{rel}","templated":true}]}}